{"id":1907,"date":"2023-03-27T09:31:05","date_gmt":"2023-03-27T09:31:05","guid":{"rendered":"https:\/\/cirtt.unizg.hr\/nas-tim\/"},"modified":"2026-04-08T07:59:11","modified_gmt":"2026-04-08T07:59:11","slug":"nas-tim","status":"publish","type":"page","link":"https:\/\/cirtt.unizg.hr\/en\/nas-tim\/","title":{"rendered":"Our Team"},"content":{"rendered":"\t\t<div data-elementor-type=\"wp-post\" data-elementor-id=\"1907\" class=\"elementor elementor-1907 elementor-36\" data-elementor-post-type=\"page\">\n\t\t\t\t\t\t<section class=\"elementor-section elementor-top-section elementor-element elementor-element-4937088a elementor-section-height-min-height elementor-section-boxed elementor-section-height-default elementor-section-items-middle\" data-id=\"4937088a\" data-element_type=\"section\" data-settings=\"{&quot;background_background&quot;:&quot;classic&quot;}\">\n\t\t\t\t\t\t\t<div class=\"elementor-background-overlay\"><\/div>\n\t\t\t\t\t\t\t<div class=\"elementor-container elementor-column-gap-default\">\n\t\t\t\t\t<div class=\"elementor-column elementor-col-100 elementor-top-column elementor-element elementor-element-6ac438f\" data-id=\"6ac438f\" data-element_type=\"column\">\n\t\t\t<div class=\"elementor-widget-wrap elementor-element-populated\">\n\t\t\t\t\t\t<div class=\"elementor-element elementor-element-5c981881 elementor-widget__width-initial elementor-widget elementor-widget-heading\" data-id=\"5c981881\" data-element_type=\"widget\" data-widget_type=\"heading.default\">\n\t\t\t\t<div class=\"elementor-widget-container\">\n\t\t\t\t\t<h2 class=\"elementor-heading-title elementor-size-default\">Our Team<\/h2>\t\t\t\t<\/div>\n\t\t\t\t<\/div>\n\t\t\t\t\t<\/div>\n\t\t<\/div>\n\t\t\t\t\t<\/div>\n\t\t<\/section>\n\t\t\t\t<section class=\"elementor-section elementor-top-section elementor-element elementor-element-6c2a694 elementor-section-boxed elementor-section-height-default elementor-section-height-default\" data-id=\"6c2a694\" data-element_type=\"section\">\n\t\t\t\t\t\t<div class=\"elementor-container elementor-column-gap-default\">\n\t\t\t\t\t<div class=\"elementor-column elementor-col-100 elementor-top-column elementor-element elementor-element-c26a5df\" data-id=\"c26a5df\" data-element_type=\"column\">\n\t\t\t<div class=\"elementor-widget-wrap elementor-element-populated\">\n\t\t\t\t\t\t<div class=\"elementor-element elementor-element-f84bffb elementor-widget elementor-widget-heading\" data-id=\"f84bffb\" data-element_type=\"widget\" data-widget_type=\"heading.default\">\n\t\t\t\t<div class=\"elementor-widget-container\">\n\t\t\t\t\t<h2 class=\"elementor-heading-title elementor-size-default\">Technology Transfer Office<\/h2>\t\t\t\t<\/div>\n\t\t\t\t<\/div>\n\t\t\t\t\t<\/div>\n\t\t<\/div>\n\t\t\t\t\t<\/div>\n\t\t<\/section>\n\t\t\t\t<section class=\"elementor-section elementor-top-section elementor-element elementor-element-efc49bd elementor-section-boxed elementor-section-height-default elementor-section-height-default\" data-id=\"efc49bd\" data-element_type=\"section\">\n\t\t\t\t\t\t<div class=\"elementor-container elementor-column-gap-default\">\n\t\t\t\t\t<div class=\"elementor-column elementor-col-33 elementor-top-column elementor-element elementor-element-5778b09\" data-id=\"5778b09\" data-element_type=\"column\">\n\t\t\t<div class=\"elementor-widget-wrap\">\n\t\t\t\t\t\t\t<\/div>\n\t\t<\/div>\n\t\t\t\t<div class=\"elementor-column elementor-col-66 elementor-top-column elementor-element elementor-element-b4c91d8\" data-id=\"b4c91d8\" data-element_type=\"column\">\n\t\t\t<div class=\"elementor-widget-wrap\">\n\t\t\t\t\t\t\t<\/div>\n\t\t<\/div>\n\t\t\t\t\t<\/div>\n\t\t<\/section>\n\t\t\t\t<section class=\"elementor-section elementor-top-section elementor-element elementor-element-51487f9 elementor-section-boxed elementor-section-height-default elementor-section-height-default\" data-id=\"51487f9\" data-element_type=\"section\">\n\t\t\t\t\t\t<div class=\"elementor-container elementor-column-gap-default\">\n\t\t\t\t\t<div class=\"elementor-column elementor-col-33 elementor-top-column elementor-element elementor-element-ee8ff6c\" data-id=\"ee8ff6c\" data-element_type=\"column\">\n\t\t\t<div class=\"elementor-widget-wrap elementor-element-populated\">\n\t\t\t\t\t\t<div class=\"elementor-element elementor-element-e646848 elementor-widget elementor-widget-image\" data-id=\"e646848\" data-element_type=\"widget\" data-widget_type=\"image.default\">\n\t\t\t\t<div class=\"elementor-widget-container\">\n\t\t\t\t\t\t\t\t\t\t\t\t\t\t\t<img fetchpriority=\"high\" decoding=\"async\" width=\"400\" height=\"400\" src=\"https:\/\/cirtt.unizg.hr\/wp-content\/uploads\/2023\/03\/Sinisa-Peles.jpg\" class=\"attachment-large size-large wp-image-1810\" alt=\"\" srcset=\"https:\/\/cirtt.unizg.hr\/wp-content\/uploads\/2023\/03\/Sinisa-Peles.jpg 400w, https:\/\/cirtt.unizg.hr\/wp-content\/uploads\/2023\/03\/Sinisa-Peles-300x300.jpg 300w, https:\/\/cirtt.unizg.hr\/wp-content\/uploads\/2023\/03\/Sinisa-Peles-150x150.jpg 150w\" sizes=\"(max-width: 400px) 100vw, 400px\" \/>\t\t\t\t\t\t\t\t\t\t\t\t\t\t\t<\/div>\n\t\t\t\t<\/div>\n\t\t\t\t\t<\/div>\n\t\t<\/div>\n\t\t\t\t<div class=\"elementor-column elementor-col-66 elementor-top-column elementor-element elementor-element-4a6e8fe\" data-id=\"4a6e8fe\" data-element_type=\"column\">\n\t\t\t<div class=\"elementor-widget-wrap elementor-element-populated\">\n\t\t\t\t\t\t<div class=\"elementor-element elementor-element-2ef89be elementor-widget__width-initial elementor-widget elementor-widget-text-editor\" data-id=\"2ef89be\" data-element_type=\"widget\" data-widget_type=\"text-editor.default\">\n\t\t\t\t<div class=\"elementor-widget-container\">\n\t\t\t\t\t\t\t\t\t<h3><span data-contrast=\"auto\">Sini\u0161a Pele\u0161<\/span><\/h3><p><span data-contrast=\"auto\">Vi\u0161i stru\u010dni savjetnik za transfer tehnologije \/ Senior adviser for technology transfer<\/span><\/p><p><span data-contrast=\"auto\">E-mail: <a href=\"mailto:speles@unizg.hr\">speles@unizg.hr<\/a><\/span><\/p>\t\t\t\t\t\t\t\t<\/div>\n\t\t\t\t<\/div>\n\t\t\t\t\t<\/div>\n\t\t<\/div>\n\t\t\t\t\t<\/div>\n\t\t<\/section>\n\t\t\t\t<section class=\"elementor-section elementor-top-section elementor-element elementor-element-ced9521 elementor-section-boxed elementor-section-height-default elementor-section-height-default\" data-id=\"ced9521\" data-element_type=\"section\">\n\t\t\t\t\t\t<div class=\"elementor-container elementor-column-gap-default\">\n\t\t\t\t\t<div class=\"elementor-column elementor-col-100 elementor-top-column elementor-element elementor-element-87b16db\" data-id=\"87b16db\" data-element_type=\"column\">\n\t\t\t<div class=\"elementor-widget-wrap elementor-element-populated\">\n\t\t\t\t\t\t<div class=\"elementor-element elementor-element-51d1da3 elementor-widget elementor-widget-heading\" data-id=\"51d1da3\" data-element_type=\"widget\" data-widget_type=\"heading.default\">\n\t\t\t\t<div class=\"elementor-widget-container\">\n\t\t\t\t\t<h2 class=\"elementor-heading-title elementor-size-default\">Business Development Office<\/h2>\t\t\t\t<\/div>\n\t\t\t\t<\/div>\n\t\t\t\t\t<\/div>\n\t\t<\/div>\n\t\t\t\t\t<\/div>\n\t\t<\/section>\n\t\t\t\t<section class=\"elementor-section elementor-top-section elementor-element elementor-element-b6bc908 elementor-section-boxed elementor-section-height-default elementor-section-height-default\" data-id=\"b6bc908\" data-element_type=\"section\">\n\t\t\t\t\t\t<div class=\"elementor-container elementor-column-gap-default\">\n\t\t\t\t\t<div class=\"elementor-column elementor-col-33 elementor-top-column elementor-element elementor-element-f7a6da9\" data-id=\"f7a6da9\" data-element_type=\"column\">\n\t\t\t<div class=\"elementor-widget-wrap elementor-element-populated\">\n\t\t\t\t\t\t<div class=\"elementor-element elementor-element-39a1daf elementor-widget elementor-widget-image\" data-id=\"39a1daf\" data-element_type=\"widget\" data-widget_type=\"image.default\">\n\t\t\t\t<div class=\"elementor-widget-container\">\n\t\t\t\t\t\t\t\t\t\t\t\t\t\t\t<img decoding=\"async\" width=\"400\" height=\"400\" src=\"https:\/\/cirtt.unizg.hr\/wp-content\/uploads\/2023\/03\/Anita-Pivac.jpg\" class=\"attachment-large size-large wp-image-1809\" alt=\"\" srcset=\"https:\/\/cirtt.unizg.hr\/wp-content\/uploads\/2023\/03\/Anita-Pivac.jpg 400w, https:\/\/cirtt.unizg.hr\/wp-content\/uploads\/2023\/03\/Anita-Pivac-300x300.jpg 300w, https:\/\/cirtt.unizg.hr\/wp-content\/uploads\/2023\/03\/Anita-Pivac-150x150.jpg 150w\" sizes=\"(max-width: 400px) 100vw, 400px\" \/>\t\t\t\t\t\t\t\t\t\t\t\t\t\t\t<\/div>\n\t\t\t\t<\/div>\n\t\t\t\t\t<\/div>\n\t\t<\/div>\n\t\t\t\t<div class=\"elementor-column elementor-col-66 elementor-top-column elementor-element elementor-element-95d970b\" data-id=\"95d970b\" data-element_type=\"column\">\n\t\t\t<div class=\"elementor-widget-wrap elementor-element-populated\">\n\t\t\t\t\t\t<div class=\"elementor-element elementor-element-b13d223 elementor-widget__width-initial elementor-widget elementor-widget-text-editor\" data-id=\"b13d223\" data-element_type=\"widget\" data-widget_type=\"text-editor.default\">\n\t\t\t\t<div class=\"elementor-widget-container\">\n\t\t\t\t\t\t\t\t\t<h3><span data-contrast=\"auto\">Anita Pivac<\/span><span data-ccp-props=\"{\">\u00a0<\/span><\/h3><p><span data-contrast=\"auto\">Voditeljica, Ured za razvoj poslovanja \/ Head, Business Development Office<\/span><span data-ccp-props=\"{\">\u00a0<\/span><\/p><p><span data-contrast=\"auto\">Tel: +385 1 4698 127<br \/><\/span><\/p><p><span data-contrast=\"auto\">E-mail: <\/span><a href=\"mailto:apivac@unizg.hr\"><span data-contrast=\"none\">apivac@unizg.hr<\/span><\/a><span data-contrast=\"auto\">\u00a0<\/span><span data-ccp-props=\"{\">\u00a0<\/span><\/p>\t\t\t\t\t\t\t\t<\/div>\n\t\t\t\t<\/div>\n\t\t\t\t\t<\/div>\n\t\t<\/div>\n\t\t\t\t\t<\/div>\n\t\t<\/section>\n\t\t\t\t<section class=\"elementor-section elementor-top-section elementor-element elementor-element-d073d5e elementor-section-boxed elementor-section-height-default elementor-section-height-default\" data-id=\"d073d5e\" data-element_type=\"section\">\n\t\t\t\t\t\t<div class=\"elementor-container elementor-column-gap-default\">\n\t\t\t\t\t<div class=\"elementor-column elementor-col-100 elementor-top-column elementor-element elementor-element-b5b7209\" data-id=\"b5b7209\" data-element_type=\"column\">\n\t\t\t<div class=\"elementor-widget-wrap elementor-element-populated\">\n\t\t\t\t\t\t<div class=\"elementor-element elementor-element-3af4d4b elementor-widget elementor-widget-heading\" data-id=\"3af4d4b\" data-element_type=\"widget\" data-widget_type=\"heading.default\">\n\t\t\t\t<div class=\"elementor-widget-container\">\n\t\t\t\t\t<h2 class=\"elementor-heading-title elementor-size-default\">EU Projects Office<\/h2>\t\t\t\t<\/div>\n\t\t\t\t<\/div>\n\t\t\t\t\t<\/div>\n\t\t<\/div>\n\t\t\t\t\t<\/div>\n\t\t<\/section>\n\t\t\t\t<section class=\"elementor-section elementor-top-section elementor-element elementor-element-46690a3 elementor-section-boxed elementor-section-height-default elementor-section-height-default\" data-id=\"46690a3\" data-element_type=\"section\">\n\t\t\t\t\t\t<div class=\"elementor-container elementor-column-gap-default\">\n\t\t\t\t\t<div class=\"elementor-column elementor-col-33 elementor-top-column elementor-element elementor-element-6584229\" data-id=\"6584229\" data-element_type=\"column\">\n\t\t\t<div class=\"elementor-widget-wrap elementor-element-populated\">\n\t\t\t\t\t\t<div class=\"elementor-element elementor-element-9e6bdc0 elementor-widget elementor-widget-image\" data-id=\"9e6bdc0\" data-element_type=\"widget\" data-widget_type=\"image.default\">\n\t\t\t\t<div class=\"elementor-widget-container\">\n\t\t\t\t\t\t\t\t\t\t\t\t\t\t\t<img decoding=\"async\" width=\"321\" height=\"321\" src=\"https:\/\/cirtt.unizg.hr\/wp-content\/uploads\/2023\/03\/Vesna-Kotarski.jpg\" class=\"attachment-large size-large wp-image-1812\" alt=\"\" srcset=\"https:\/\/cirtt.unizg.hr\/wp-content\/uploads\/2023\/03\/Vesna-Kotarski.jpg 321w, https:\/\/cirtt.unizg.hr\/wp-content\/uploads\/2023\/03\/Vesna-Kotarski-300x300.jpg 300w, https:\/\/cirtt.unizg.hr\/wp-content\/uploads\/2023\/03\/Vesna-Kotarski-150x150.jpg 150w\" sizes=\"(max-width: 321px) 100vw, 321px\" \/>\t\t\t\t\t\t\t\t\t\t\t\t\t\t\t<\/div>\n\t\t\t\t<\/div>\n\t\t\t\t\t<\/div>\n\t\t<\/div>\n\t\t\t\t<div class=\"elementor-column elementor-col-66 elementor-top-column elementor-element elementor-element-d405450\" data-id=\"d405450\" data-element_type=\"column\">\n\t\t\t<div class=\"elementor-widget-wrap elementor-element-populated\">\n\t\t\t\t\t\t<div class=\"elementor-element elementor-element-4906844 elementor-widget__width-initial elementor-widget elementor-widget-text-editor\" data-id=\"4906844\" data-element_type=\"widget\" data-widget_type=\"text-editor.default\">\n\t\t\t\t<div class=\"elementor-widget-container\">\n\t\t\t\t\t\t\t\t\t<h3><span data-contrast=\"auto\">Vesna Kotarski<\/span><\/h3><p><span data-contrast=\"auto\">Voditeljica, Ured za EU projekte \/ Head, EU Projects Office<\/span><\/p><p><span data-contrast=\"auto\">Tel: +385 99 3870 573<\/span><\/p><p><span data-contrast=\"auto\">E-mail: <a href=\"mailto:vesna.kotarski@unizg.hr\">vesna.kotarski@unizg.hr<\/a><\/span><\/p>\t\t\t\t\t\t\t\t<\/div>\n\t\t\t\t<\/div>\n\t\t\t\t\t<\/div>\n\t\t<\/div>\n\t\t\t\t\t<\/div>\n\t\t<\/section>\n\t\t\t\t<section class=\"elementor-section elementor-top-section elementor-element elementor-element-a1a982f elementor-section-boxed elementor-section-height-default elementor-section-height-default\" data-id=\"a1a982f\" data-element_type=\"section\">\n\t\t\t\t\t\t<div class=\"elementor-container elementor-column-gap-default\">\n\t\t\t\t\t<div class=\"elementor-column elementor-col-33 elementor-top-column elementor-element elementor-element-ff0e1f7\" data-id=\"ff0e1f7\" data-element_type=\"column\">\n\t\t\t<div class=\"elementor-widget-wrap elementor-element-populated\">\n\t\t\t\t\t\t<div class=\"elementor-element elementor-element-5a8eca8 elementor-widget elementor-widget-image\" data-id=\"5a8eca8\" data-element_type=\"widget\" data-widget_type=\"image.default\">\n\t\t\t\t<div class=\"elementor-widget-container\">\n\t\t\t\t\t\t\t\t\t\t\t\t\t\t\t<img loading=\"lazy\" decoding=\"async\" width=\"300\" height=\"300\" src=\"https:\/\/cirtt.unizg.hr\/wp-content\/uploads\/2023\/03\/cropped-CIRTT-logo-1-300x300.png\" class=\"attachment-medium size-medium wp-image-1797\" alt=\"\" srcset=\"https:\/\/cirtt.unizg.hr\/wp-content\/uploads\/2023\/03\/cropped-CIRTT-logo-1-300x300.png 300w, https:\/\/cirtt.unizg.hr\/wp-content\/uploads\/2023\/03\/cropped-CIRTT-logo-1-150x150.png 150w, https:\/\/cirtt.unizg.hr\/wp-content\/uploads\/2023\/03\/cropped-CIRTT-logo-1-270x270.png 270w, https:\/\/cirtt.unizg.hr\/wp-content\/uploads\/2023\/03\/cropped-CIRTT-logo-1-192x192.png 192w, https:\/\/cirtt.unizg.hr\/wp-content\/uploads\/2023\/03\/cropped-CIRTT-logo-1-180x180.png 180w, https:\/\/cirtt.unizg.hr\/wp-content\/uploads\/2023\/03\/cropped-CIRTT-logo-1-32x32.png 32w, https:\/\/cirtt.unizg.hr\/wp-content\/uploads\/2023\/03\/cropped-CIRTT-logo-1.png 512w\" sizes=\"(max-width: 300px) 100vw, 300px\" \/>\t\t\t\t\t\t\t\t\t\t\t\t\t\t\t<\/div>\n\t\t\t\t<\/div>\n\t\t\t\t\t<\/div>\n\t\t<\/div>\n\t\t\t\t<div class=\"elementor-column elementor-col-66 elementor-top-column elementor-element elementor-element-ae3345c\" data-id=\"ae3345c\" data-element_type=\"column\">\n\t\t\t<div class=\"elementor-widget-wrap elementor-element-populated\">\n\t\t\t\t\t\t<div class=\"elementor-element elementor-element-9802317 elementor-widget__width-initial elementor-widget elementor-widget-text-editor\" data-id=\"9802317\" data-element_type=\"widget\" data-widget_type=\"text-editor.default\">\n\t\t\t\t<div class=\"elementor-widget-container\">\n\t\t\t\t\t\t\t\t\t<h3><span data-contrast=\"auto\">mr. <\/span>sc. Sabina Sili\u0107 Lozan\u010di\u0107<\/h3><p><span data-contrast=\"auto\">Vi\u0161a stru\u010dna savjetnica za EU fondove \/ Senior Adviser for EU fonds<\/span><\/p><p><span style=\"color: var( --e-global-color-text ); font-family: var( --e-global-typography-text-font-family ), Sans-serif; font-size: var( --e-global-typography-text-font-size ); font-style: var( --e-global-typography-text-font-style ); font-weight: var( --e-global-typography-text-font-weight ); background-color: var( --e-global-color-17794e9 );\">Tel: +385 99 737 62 39<\/span><\/p><p><span data-contrast=\"auto\">E-mail: <\/span><a href=\"mailto:sabina.silic.lozancic@unizg.hr\"><span data-contrast=\"none\">sabina.silic.lozancic@unizg.hr<\/span><\/a><\/p>\t\t\t\t\t\t\t\t<\/div>\n\t\t\t\t<\/div>\n\t\t\t\t\t<\/div>\n\t\t<\/div>\n\t\t\t\t\t<\/div>\n\t\t<\/section>\n\t\t\t\t<section class=\"elementor-section elementor-top-section elementor-element elementor-element-f594fac elementor-section-boxed elementor-section-height-default elementor-section-height-default\" data-id=\"f594fac\" data-element_type=\"section\">\n\t\t\t\t\t\t<div class=\"elementor-container elementor-column-gap-default\">\n\t\t\t\t\t<div class=\"elementor-column elementor-col-33 elementor-top-column elementor-element elementor-element-55a6a26\" data-id=\"55a6a26\" data-element_type=\"column\">\n\t\t\t<div class=\"elementor-widget-wrap elementor-element-populated\">\n\t\t\t\t\t\t<div class=\"elementor-element elementor-element-7d67537 elementor-widget elementor-widget-image\" data-id=\"7d67537\" data-element_type=\"widget\" data-widget_type=\"image.default\">\n\t\t\t\t<div class=\"elementor-widget-container\">\n\t\t\t\t\t\t\t\t\t\t\t\t\t\t\t<img loading=\"lazy\" decoding=\"async\" width=\"400\" height=\"400\" src=\"https:\/\/cirtt.unizg.hr\/wp-content\/uploads\/2023\/03\/Petra-Banicevic.png\" class=\"attachment-large size-large wp-image-1815\" alt=\"\" srcset=\"https:\/\/cirtt.unizg.hr\/wp-content\/uploads\/2023\/03\/Petra-Banicevic.png 400w, https:\/\/cirtt.unizg.hr\/wp-content\/uploads\/2023\/03\/Petra-Banicevic-300x300.png 300w, https:\/\/cirtt.unizg.hr\/wp-content\/uploads\/2023\/03\/Petra-Banicevic-150x150.png 150w\" sizes=\"(max-width: 400px) 100vw, 400px\" \/>\t\t\t\t\t\t\t\t\t\t\t\t\t\t\t<\/div>\n\t\t\t\t<\/div>\n\t\t\t\t\t<\/div>\n\t\t<\/div>\n\t\t\t\t<div class=\"elementor-column elementor-col-66 elementor-top-column elementor-element elementor-element-d18d758\" data-id=\"d18d758\" data-element_type=\"column\">\n\t\t\t<div class=\"elementor-widget-wrap elementor-element-populated\">\n\t\t\t\t\t\t<div class=\"elementor-element elementor-element-ee7fef8 elementor-widget__width-initial elementor-widget elementor-widget-text-editor\" data-id=\"ee7fef8\" data-element_type=\"widget\" data-widget_type=\"text-editor.default\">\n\t\t\t\t<div class=\"elementor-widget-container\">\n\t\t\t\t\t\t\t\t\t<h3><span style=\"color: inherit; font-family: inherit; font-size: 1.75rem; font-style: var( --e-global-typography-text-font-style ); background-color: var( --e-global-color-17794e9 );\">Petra Bani\u010devi\u0107<\/span><\/h3><p>Projektna koordinatorica na projektu UNIC \/ UNIC Project Coordinator at University of Zagreb<\/p><p><span data-contrast=\"auto\">Tel: +385 91 5584 961<\/span><span data-ccp-props=\"{\">\u00a0<\/span><\/p><p><span data-contrast=\"auto\">E-mail: <\/span><a href=\"mailto:pbanicev@unizg.hr\"><span data-contrast=\"none\">pbanicev@unizg.hr<\/span><\/a><span data-ccp-props=\"{\">\u00a0<\/span><\/p>\t\t\t\t\t\t\t\t<\/div>\n\t\t\t\t<\/div>\n\t\t\t\t\t<\/div>\n\t\t<\/div>\n\t\t\t\t\t<\/div>\n\t\t<\/section>\n\t\t\t\t<section class=\"elementor-section elementor-top-section elementor-element elementor-element-27d779f4 elementor-section-height-min-height elementor-section-boxed elementor-section-height-default elementor-section-items-middle\" data-id=\"27d779f4\" data-element_type=\"section\" data-settings=\"{&quot;background_background&quot;:&quot;classic&quot;}\">\n\t\t\t\t\t\t\t<div class=\"elementor-background-overlay\"><\/div>\n\t\t\t\t\t\t\t<div class=\"elementor-container elementor-column-gap-default\">\n\t\t\t\t\t<div class=\"elementor-column elementor-col-100 elementor-top-column elementor-element elementor-element-636245b7\" data-id=\"636245b7\" data-element_type=\"column\" data-settings=\"{&quot;background_background&quot;:&quot;classic&quot;}\">\n\t\t\t<div class=\"elementor-widget-wrap elementor-element-populated\">\n\t\t\t\t\t\t<section class=\"elementor-section elementor-inner-section elementor-element elementor-element-1cd99f5e elementor-section-height-min-height elementor-section-boxed elementor-section-height-default\" data-id=\"1cd99f5e\" data-element_type=\"section\" data-settings=\"{&quot;background_background&quot;:&quot;classic&quot;}\">\n\t\t\t\t\t\t<div class=\"elementor-container elementor-column-gap-default\">\n\t\t\t\t\t<div class=\"elementor-column elementor-col-50 elementor-inner-column elementor-element elementor-element-3809adab\" data-id=\"3809adab\" data-element_type=\"column\" data-settings=\"{&quot;background_background&quot;:&quot;classic&quot;}\">\n\t\t\t<div class=\"elementor-widget-wrap elementor-element-populated\">\n\t\t\t\t\t\t<div class=\"elementor-element elementor-element-42e7a394 elementor-widget elementor-widget-heading\" data-id=\"42e7a394\" data-element_type=\"widget\" data-widget_type=\"heading.default\">\n\t\t\t\t<div class=\"elementor-widget-container\">\n\t\t\t\t\t<h2 class=\"elementor-heading-title elementor-size-default\">Contact us<\/h2>\t\t\t\t<\/div>\n\t\t\t\t<\/div>\n\t\t\t\t\t<\/div>\n\t\t<\/div>\n\t\t\t\t<div class=\"elementor-column elementor-col-50 elementor-inner-column elementor-element elementor-element-21cf0331\" data-id=\"21cf0331\" data-element_type=\"column\">\n\t\t\t<div class=\"elementor-widget-wrap elementor-element-populated\">\n\t\t\t\t\t\t<div class=\"elementor-element elementor-element-754eb67e elementor-align-right elementor-mobile-align-center elementor-widget elementor-widget-button\" data-id=\"754eb67e\" data-element_type=\"widget\" data-widget_type=\"button.default\">\n\t\t\t\t<div class=\"elementor-widget-container\">\n\t\t\t\t\t\t\t\t\t<div class=\"elementor-button-wrapper\">\n\t\t\t\t\t<a class=\"elementor-button elementor-button-link elementor-size-md\" href=\"https:\/\/cirtt.unizg.hr\/en\/kontakt\/\">\n\t\t\t\t\t\t<span class=\"elementor-button-content-wrapper\">\n\t\t\t\t\t\t<span class=\"elementor-button-icon\">\n\t\t\t\t<i aria-hidden=\"true\" class=\"fas fa-long-arrow-alt-right\"><\/i>\t\t\t<\/span>\n\t\t\t\t\t\t\t\t\t<span class=\"elementor-button-text\">Contact<\/span>\n\t\t\t\t\t<\/span>\n\t\t\t\t\t<\/a>\n\t\t\t\t<\/div>\n\t\t\t\t\t\t\t\t<\/div>\n\t\t\t\t<\/div>\n\t\t\t\t\t<\/div>\n\t\t<\/div>\n\t\t\t\t\t<\/div>\n\t\t<\/section>\n\t\t\t\t\t<\/div>\n\t\t<\/div>\n\t\t\t\t\t<\/div>\n\t\t<\/section>\n\t\t\t\t<\/div>\n\t\t","protected":false},"excerpt":{"rendered":"<p>Our Team Technology Transfer Office Sini\u0161a Pele\u0161 Vi\u0161i stru\u010dni savjetnik za transfer tehnologije \/ Senior adviser for technology transfer E-mail: speles@unizg.hr Business Development Office Anita Pivac\u00a0 Voditeljica, Ured za razvoj poslovanja \/ Head, Business Development Office\u00a0 Tel: +385 1 4698 127 E-mail: apivac@unizg.hr\u00a0\u00a0 EU Projects Office Vesna Kotarski Voditeljica, Ured za EU projekte \/ Head, [&hellip;]<\/p>\n","protected":false},"author":1,"featured_media":0,"parent":0,"menu_order":0,"comment_status":"closed","ping_status":"closed","template":"elementor_header_footer","meta":{"footnotes":""},"class_list":["post-1907","page","type-page","status-publish","hentry"],"_links":{"self":[{"href":"https:\/\/cirtt.unizg.hr\/en\/wp-json\/wp\/v2\/pages\/1907","targetHints":{"allow":["GET"]}}],"collection":[{"href":"https:\/\/cirtt.unizg.hr\/en\/wp-json\/wp\/v2\/pages"}],"about":[{"href":"https:\/\/cirtt.unizg.hr\/en\/wp-json\/wp\/v2\/types\/page"}],"author":[{"embeddable":true,"href":"https:\/\/cirtt.unizg.hr\/en\/wp-json\/wp\/v2\/users\/1"}],"replies":[{"embeddable":true,"href":"https:\/\/cirtt.unizg.hr\/en\/wp-json\/wp\/v2\/comments?post=1907"}],"version-history":[{"count":68,"href":"https:\/\/cirtt.unizg.hr\/en\/wp-json\/wp\/v2\/pages\/1907\/revisions"}],"predecessor-version":[{"id":3636,"href":"https:\/\/cirtt.unizg.hr\/en\/wp-json\/wp\/v2\/pages\/1907\/revisions\/3636"}],"wp:attachment":[{"href":"https:\/\/cirtt.unizg.hr\/en\/wp-json\/wp\/v2\/media?parent=1907"}],"curies":[{"name":"wp","href":"https:\/\/api.w.org\/{rel}","templated":true}]}}